{"id":1111,"date":"2022-11-19T11:16:46","date_gmt":"2022-11-19T11:16:46","guid":{"rendered":"https:\/\/shogi.cz\/?page_id=1111"},"modified":"2025-07-01T16:32:02","modified_gmt":"2025-07-01T16:32:02","slug":"cookies-policy","status":"publish","type":"page","link":"https:\/\/shogi.cz\/cs\/cookies-policy\/","title":{"rendered":"Cookies policy"},"content":{"rendered":"<p>[et_pb_section fb_built=&#8221;1&#8243; admin_label=&#8221;Header&#8221; _builder_version=&#8221;4.19.1&#8243; background_enable_color=&#8221;off&#8221; use_background_color_gradient=&#8221;on&#8221; background_color_gradient_stops=&#8221;rgba(249,244,238,0.54) 100%|rgba(0,0,0,0) 100%&#8221; background_color_gradient_overlays_image=&#8221;on&#8221; background_color_gradient_start=&#8221;rgba(249,244,238,0.54)&#8221; background_color_gradient_start_position=&#8221;100%&#8221; background_color_gradient_end=&#8221;rgba(0,0,0,0)&#8221; background_color_gradient_end_position=&#8221;0%&#8221; background_image=&#8221;https:\/\/shogi.cz\/wp-content\/uploads\/2022\/10\/Contact-FAQ-shogi.jpg&#8221; min_height_last_edited=&#8221;off|desktop&#8221; custom_padding=&#8221;5vw||5vw||true|false&#8221; background_last_edited=&#8221;off|desktop&#8221; background_position_phone=&#8221;center_left&#8221; locked=&#8221;off&#8221; global_colors_info=&#8221;{}&#8221;][et_pb_row column_structure=&#8221;1_3,2_3&#8243; make_equal=&#8221;on&#8221; _builder_version=&#8221;4.19.1&#8243; locked=&#8221;off&#8221; global_colors_info=&#8221;{}&#8221;][et_pb_column type=&#8221;1_3&#8243; _builder_version=&#8221;4.16&#8243; custom_padding=&#8221;||||false|false&#8221; global_colors_info=&#8221;{}&#8221;][et_pb_image src=&#8221;https:\/\/shogi.cz\/wp-content\/uploads\/2022\/10\/shogi-kanji-BL.png&#8221; alt=&#8221;shogi kanji BL&#8221; title_text=&#8221;shogi kanji BL&#8221; _builder_version=&#8221;4.19.1&#8243; _module_preset=&#8221;default&#8221; max_width=&#8221;190px&#8221; max_width_tablet=&#8221;120px&#8221; max_width_phone=&#8221;100px&#8221; max_width_last_edited=&#8221;on|desktop&#8221; module_alignment=&#8221;center&#8221; custom_margin_last_edited=&#8221;off|desktop&#8221; custom_padding=&#8221;30px|8px|30px|8px|true|true&#8221; custom_padding_tablet=&#8221;40px||40px||true|true&#8221; custom_padding_phone=&#8221;&#8221; custom_padding_last_edited=&#8221;on|desktop&#8221; border_width_all=&#8221;10px&#8221; border_color_all=&#8221;#222222&#8243; border_width_all_tablet=&#8221;10px&#8221; border_width_all_phone=&#8221;5px&#8221; border_width_all_last_edited=&#8221;on|phone&#8221; box_shadow_style=&#8221;preset1&#8243; box_shadow_blur=&#8221;30px&#8221; global_colors_info=&#8221;{}&#8221;][\/et_pb_image][\/et_pb_column][et_pb_column type=&#8221;2_3&#8243; _builder_version=&#8221;4.16&#8243; custom_padding=&#8221;||||false|false&#8221; global_colors_info=&#8221;{}&#8221;][et_pb_text _builder_version=&#8221;4.19.1&#8243; text_font=&#8221;|600|||||||&#8221; text_text_color=&#8221;#AC120C&#8221; text_font_size=&#8221;25px&#8221; header_font=&#8221;||||||||&#8221; header_text_color=&#8221;#222222&#8243; header_font_size=&#8221;100px&#8221; header_4_font=&#8221;|||on|||||&#8221; header_4_text_color=&#8221;#AC120C&#8221; header_4_font_size=&#8221;30px&#8221; header_4_line_height=&#8221;1.4em&#8221; background_layout=&#8221;dark&#8221; custom_margin_tablet=&#8221;50px||||false|false&#8221; custom_margin_phone=&#8221;30px||||false|false&#8221; custom_margin_last_edited=&#8221;off|desktop&#8221; custom_padding=&#8221;40px||||false|false&#8221; custom_padding_tablet=&#8221;40px||||false|false&#8221; custom_padding_phone=&#8221;0px||||false|false&#8221; custom_padding_last_edited=&#8221;on|phone&#8221; text_font_size_tablet=&#8221;25px&#8221; text_font_size_phone=&#8221;20px&#8221; text_font_size_last_edited=&#8221;on|phone&#8221; header_font_size_tablet=&#8221;54px&#8221; header_font_size_phone=&#8221;32px&#8221; header_font_size_last_edited=&#8221;on|phone&#8221; header_4_font_size_tablet=&#8221;24px&#8221; header_4_font_size_phone=&#8221;18px&#8221; header_4_font_size_last_edited=&#8221;on|phone&#8221; text_orientation_tablet=&#8221;&#8221; text_orientation_phone=&#8221;center&#8221; text_orientation_last_edited=&#8221;on|phone&#8221; module_alignment_last_edited=&#8221;off|phone&#8221; locked=&#8221;off&#8221; global_colors_info=&#8221;{}&#8221;]<\/p>\n<p>SHOGI COOKIES<\/p>\n<h1>Soubory cookies<\/h1>\n<p>[\/et_pb_text][\/et_pb_column][\/et_pb_row][\/et_pb_section][et_pb_section fb_built=&#8221;1&#8243; admin_label=&#8221;Header&#8221; _builder_version=&#8221;4.16&#8243; background_color=&#8221;#f9f4ee&#8221; custom_padding=&#8221;50px||50px||true|false&#8221; locked=&#8221;off&#8221; global_colors_info=&#8221;{}&#8221;][et_pb_row _builder_version=&#8221;4.16&#8243; _module_preset=&#8221;default&#8221; custom_padding=&#8221;4px||9px|||&#8221; global_colors_info=&#8221;{}&#8221;][et_pb_column type=&#8221;4_4&#8243; _builder_version=&#8221;4.16&#8243; _module_preset=&#8221;default&#8221; global_colors_info=&#8221;{}&#8221;][et_pb_text _builder_version=&#8221;4.19.1&#8243; _module_preset=&#8221;default&#8221; global_colors_info=&#8221;{}&#8221;]<\/p>\n<p style=\"text-align: justify;\"><strong>Akadote s.r.o., se s\u00eddlem <span>K Rybn\u00edk\u016fm 3327, <\/span><span>Dv\u016fr Kr\u00e1lov\u00e9 nad Labem <\/span>544 01, respektuje soukrom\u00ed sv\u00fdch z\u00e1kazn\u00edk\u016f a online n\u00e1v\u0161t\u011bvn\u00edk\u016f.<\/strong><\/p>\n<h2 style=\"text-align: justify;\">Co jsou soubory cookies:<\/h2>\n<p style=\"text-align: justify;\">Soubory cookies jsou mal\u00e9 soubory, kter\u00e9 se stahuj\u00ed do za\u0159\u00edzen\u00ed, kdy\u017e se u\u017eivatel\u00e9 pohybuj\u00ed na webov\u00fdch str\u00e1nk\u00e1ch. \u010casto se pou\u017e\u00edvaj\u00ed k zaji\u0161t\u011bn\u00ed funkce webov\u00fdch str\u00e1nek nebo ke zv\u00fd\u0161en\u00ed efektivity jejich fungov\u00e1n\u00ed. Soubory cookies vznikaj\u00ed, kdy\u017e internetov\u00fd prohl\u00ed\u017ee\u010d u\u017eivatele na\u010dte konkr\u00e9tn\u00ed webovou str\u00e1nku. Webov\u00e1 str\u00e1nka po\u0161le prohl\u00ed\u017ee\u010di informace a ten pot\u00e9 vytvo\u0159\u00ed textov\u00fd soubor. Poka\u017ed\u00e9, kdy\u017e se u\u017eivatel na stejn\u00e9 webov\u00e9 str\u00e1nky vr\u00e1t\u00ed, prohl\u00ed\u017ee\u010d tento soubor na\u010dte a po\u0161le na server, kde jsou str\u00e1nky um\u00edst\u011bny. Soubory cookies maj\u00ed n\u011bkolik r\u016fzn\u00fdch funkc\u00ed. Nap\u0159\u00edklad shroma\u017e\u010fuj\u00ed a ukl\u00e1daj\u00ed informace o preferenc\u00edch u\u017eivatel\u016f nebo o pou\u017e\u00edv\u00e1n\u00ed n\u00e1kupn\u00edch ko\u0161\u00edk\u016f a celkov\u011b usnad\u0148uj\u00ed pou\u017e\u00edv\u00e1n\u00ed webov\u00fdch str\u00e1nek.<\/p>\n<ul style=\"text-align: justify;\">\n<li>My soubory cookies vyu\u017e\u00edv\u00e1me k vykon\u00e1v\u00e1n\u00ed ur\u010dit\u00fdch funkc\u00ed, nap\u0159.:<\/li>\n<li>k usnadn\u011bn\u00ed pohybu na na\u0161ich webov\u00fdch str\u00e1nk\u00e1ch a vyu\u017eit\u00ed jej\u00edch jednotliv\u00fdch funkc\u00ed tak, aby va\u0161e n\u00e1v\u0161t\u011bva v\u017edy prob\u011bhla bezprobl\u00e9mov\u011b;<\/li>\n<li>k vylep\u0161en\u00ed na\u0161ich webov\u00fdch str\u00e1nek;<\/li>\n<li>k tomu, abychom v\u00e1m prohl\u00ed\u017een\u00ed str\u00e1nek p\u0159izp\u016fsobili na m\u00edru;<\/li>\n<li>k tomu, abychom v\u00e1m mohli na m\u00edru p\u0159izp\u016fsobit reklamu;<\/li>\n<li>ke shroma\u017e\u010fov\u00e1n\u00ed informac\u00ed o tom, jak na\u0161e webov\u00e9 str\u00e1nky vyu\u017e\u00edv\u00e1te, abychom v\u00e1m mohli zajistit lep\u0161\u00ed u\u017eivatelsk\u00fd z\u00e1\u017eitek. Proto m\u011b\u0159\u00edme, kter\u00e9 oblasti na\u0161ich str\u00e1nek v\u00e1s zaj\u00edmaj\u00ed nejv\u00edc, nebo si v\u00e1s zapamatujeme pro p\u0159\u00edpad, \u017ee se na str\u00e1nky budete cht\u00edt vr\u00e1tit.<\/li>\n<\/ul>\n<p style=\"text-align: justify;\"><strong>Seznam t\u011bchto soubor\u016f cookies je uveden n\u00ed\u017ee:<\/strong><\/p>\n<h3 style=\"text-align: justify;\">Typ 1: Zcela nezbytn\u00e9 soubory cookies<\/h3>\n<p style=\"text-align: justify;\">Tyto soubory cookies jsou nezbytn\u00e9 k tomu, aby u\u017eivatel\u00e9 mohli prohl\u00ed\u017eet na\u0161e webov\u00e9 str\u00e1nky a vyu\u017e\u00edvat jejich funkce.<br \/>POZOR: Bez t\u011bchto soubor\u016f cookies nem\u016f\u017eeme zaru\u010dit ani dobr\u00fd v\u00fdkon na\u0161ich webov\u00fdch str\u00e1nek, ani online zabezpe\u010den\u00ed va\u0161ich relac\u00ed.<\/p>\n<h3 style=\"text-align: justify;\">Typ 2: Analytick\u00e9 soubory cookies<\/h3>\n<p style=\"text-align: justify;\">V\u00fdkonov\u00e9 a analytick\u00e9 soubory cookies, prim\u00e1rn\u011b soubory cookies n\u00e1stroj\u016f Google Analytics Universal a Google Analytics 4, vyu\u017e\u00edv\u00e1me ke shroma\u017e\u010fov\u00e1n\u00ed informac\u00ed o tom, jak u\u017eivatel\u00e9 na\u0161e webov\u00e9 str\u00e1nky vyu\u017e\u00edvaj\u00ed. Informace, jako nap\u0159. na kterou \u010d\u00e1st str\u00e1nky u\u017eivatel klikl, po\u010det nav\u0161t\u00edven\u00fdch str\u00e1nek, trv\u00e1n\u00ed jednotliv\u00fdch relac\u00ed a p\u0159\u00edpadn\u00e1 ohl\u00e1\u0161en\u00e1 chybov\u00e1 hl\u00e1\u0161en\u00ed, shroma\u017e\u010fujeme za \u00fa\u010delem vylep\u0161ov\u00e1n\u00ed na\u0161ich webov\u00fdch str\u00e1nek a zlep\u0161ov\u00e1n\u00ed slu\u017eeb. Dal\u0161\u00ed informace o souborech<br \/><a href=\"https:\/\/developers.google.com\/analytics\/devguides\/collection\/analyticsjs\/cookie-usage\" title=\"Cookies GA a GA4\" target=\"_blank\" rel=\"noopener\">cookies Google Analytics naleznete zde.<\/a><\/p>\n<p style=\"text-align: justify;\">Dal\u0161\u00ed informace o <a href=\"https:\/\/support.google.com\/analytics\/answer\/6004245\" title=\"Privacy Policy GA and GA4\" target=\"_blank\" rel=\"noopener\">z\u00e1sad\u00e1ch ochrany osobn\u00edch \u00fadaj\u016f slu\u017eby Google Analytics naleznete zde.<\/a><\/p>\n<p style=\"text-align: justify;\">D\u016fle\u017eit\u00e9 upozorn\u011bn\u00ed: Slu\u017eby Google Analytics jsou nakonfigurov\u00e1ny tak, aby nebylo mo\u017en\u00e9 v\u00e1s identifikovat \u2013 IP adresy v\u0161ech u\u017eivatel\u016f vyu\u017e\u00edvaj\u00edc\u00edch n\u00e1\u0161 web jsou anonymizov\u00e1ny.<\/p>\n<h3 style=\"text-align: justify;\">Typ 3: Marketingov\u00e9 soubory cookies<\/h3>\n<p style=\"text-align: justify;\">Kdy\u017e si prohl\u00ed\u017e\u00edte na\u0161e str\u00e1nky, n\u011bkter\u00e9 soubory cookies mohou b\u00fdt um\u00edst\u011bny p\u0159\u00edmo do va\u0161eho po\u010d\u00edta\u010de. Takov\u00e9 soubory jsou potom vyu\u017e\u00edv\u00e1ny t\u0159et\u00edmi stranami, kter\u00e9 maj\u00ed opr\u00e1vn\u011bn\u00ed vyu\u017e\u00edvat je k reklamn\u00edm \u00fa\u010del\u016fm. Doch\u00e1z\u00ed k tomu tehdy, kdy\u017e webov\u00e9 str\u00e1nky, kter\u00e9 nav\u0161t\u00edv\u00edte, zobrazuj\u00ed obsah z webov\u00e9ho serveru t\u0159et\u00ed strany, nebo kdy\u017e kliknete na tla\u010d\u00edtko \u201esd\u00edlet\u201c na na\u0161ich str\u00e1nk\u00e1ch a v\u00e1\u0161 po\u010d\u00edta\u010d tak od p\u0159\u00edslu\u0161n\u00e9 t\u0159et\u00ed strany soubory cookies obdr\u017e\u00ed.<\/p>\n<p style=\"text-align: justify;\">Mezi tyto t\u0159et\u00ed strany pat\u0159\u00ed nap\u0159. poskytovatel\u00e9 soci\u00e1ln\u00edch s\u00edt\u00ed, jako jsou Facebook, Instagram a YouTube, kte\u0159\u00ed poskytuj\u00ed slu\u017eby na\u0161im u\u017eivatel\u016fm i n\u00e1m samotn\u00fdm. Tyto soubory cookies umo\u017e\u0148uj\u00ed t\u0159et\u00edm stran\u00e1m shroma\u017e\u010fovat a uchov\u00e1vat informace, jako nap\u0159. preference u\u017eivatel\u016f a str\u00e1nky jimi nav\u0161t\u00edven\u00e9, a\u0165 u\u017e za \u00fa\u010delem poskytov\u00e1n\u00ed reklamy, nebo za \u00fa\u010delem vylep\u0161ov\u00e1n\u00ed slu\u017eeb.<\/p>\n<p style=\"text-align: justify;\">Upozor\u0148ujeme, \u017ee nad t\u011bmito soubory cookies t\u0159et\u00edch stran nem\u00e1me \u017e\u00e1dnou kontrolu, a proto v tomto ohledu neneseme \u017e\u00e1dnou odpov\u011bdnost. Na n\u00e1sleduj\u00edc\u00edch webov\u00fdch str\u00e1nk\u00e1ch t\u0159et\u00edch stran si m\u016f\u017eete proj\u00edt jejich z\u00e1sady vyu\u017e\u00edv\u00e1n\u00ed soubor\u016f cookies:<br \/><a href=\"https:\/\/www.facebook.com\/policies\/cookies\/\" target=\"_blank\" rel=\"noopener\" title=\"Facebook cookies\">Facebook<\/a><\/p>\n<p style=\"text-align: justify;\"><a href=\"https:\/\/help.instagram.com\/1896641480634370?ref=ig\" target=\"_blank\" rel=\"noopener\" title=\"Instagram cookies\">Instagram<\/a><\/p>\n<p style=\"text-align: justify;\">Upozor\u0148ujeme, \u017ee pro \u00fa\u010dely remarketingu na\u0161e webov\u00e9 str\u00e1nky vyu\u017e\u00edvaj\u00ed tak\u00e9 slu\u017ebu Google Ads a Seznam Sklik, p\u0159i\u010dem\u017e, jak bylo zm\u00edn\u011bno v\u00fd\u0161e, na\u0161e spole\u010dnost nem\u00e1 kontrolu nad t\u011bmito soubory cookies, a proto v tomto ohledu nenese \u017e\u00e1dnou odpov\u011bdnost. Pokud si p\u0159ejete takov\u00e9to soubory cookies zak\u00e1zat, kliknut\u00edm na n\u00e1sleduj\u00edc\u00ed odkaz p\u0159ejdete na str\u00e1nku, kde je budete moci vypnout: <a href=\"https:\/\/adssettings.google.com\/authenticated\">https:\/\/adssettings.google.com\/authenticated<\/a><\/p>\n<p style=\"text-align: justify;\">Soubory cookies m\u016f\u017eete zak\u00e1zat tak\u00e9 v nastaven\u00ed sv\u00e9ho internetov\u00e9ho prohl\u00ed\u017ee\u010de. Pokud s na\u0161\u00edm vyu\u017e\u00edv\u00e1n\u00edm soubor\u016f cookies souhlas\u00edte, ale pozd\u011bji si p\u0159ejete souhlas st\u00e1hnout, m\u016f\u017eete st\u00e1vaj\u00edc\u00ed soubory cookies smazat a zm\u011bnit nastaven\u00ed sv\u00e9ho prohl\u00ed\u017ee\u010de tak, aby n\u00e1sledn\u011b takov\u00e9 soubory blokoval nebo m\u016f\u017eete vyu\u017e\u00edvat p\u0159\u00edstup p\u0159es anonymn\u00ed re\u017eim. Dal\u0161\u00ed informace o spr\u00e1v\u011b soubor\u016f cookies naleznete na n\u00e1sleduj\u00edc\u00edch adres\u00e1ch:<br \/><a href=\"http:\/\/www.allaboutcookies.org\">www.allaboutcookies.org<\/a><\/p>\n<p style=\"text-align: justify;\"><a href=\"https:\/\/support.microsoft.com\/\">support.microsoft.com <\/a><\/p>\n<p style=\"text-align: justify;\"><a href=\"https:\/\/support.mozilla.org\/cs\/\">support.mozilla.org <\/a><\/p>\n<p style=\"text-align: justify;\"><a href=\"https:\/\/support.google.com\/\">support.google.com<\/a><\/p>\n<p style=\"text-align: justify;\"><a href=\"https:\/\/support.apple.com\/cs-cz\/guide\/safari\/sfri11471\/mac\" target=\"_blank\" rel=\"noopener\" title=\"Apple Safari cookies\">support.apple.com<\/a><\/p>\n<p style=\"text-align: justify;\">Na t\u011bchto odkazech naleznete informace o nastaven\u00ed hlavn\u00edch internetov\u00fdch prohl\u00ed\u017ee\u010d\u016f.<\/p>\n<p style=\"text-align: justify;\">Vypnut\u00ed anonymn\u00edch soubor\u016f cookie n\u00e1stroje Google Analytics: Pokud si p\u0159ejete zabr\u00e1nit webov\u00fdm str\u00e1nk\u00e1m, aby pos\u00edlaly informace o va\u0161\u00ed n\u00e1v\u0161t\u011bv\u011b n\u00e1stroji Google Analytics, m\u016f\u017eete si nainstalovat dopln\u011bk prohl\u00ed\u017ee\u010de Google Analytics. Dal\u0161\u00ed informace najdete zde: <a href=\"https:\/\/tools.google.com\/dlpage\/gaoptout\">tools.google.com\/dlpage\/gaoptout<\/a><\/p>\n<p style=\"text-align: justify;\">POZOR: Vzhledem k tomu, \u017ee soubory cookies jsou ur\u010deny k umo\u017en\u011bn\u00ed nebo vylep\u0161en\u00ed funk\u010dnosti na\u0161ich webov\u00fdch str\u00e1nek a souvisej\u00edc\u00edch proces\u016f, zablokov\u00e1n\u00ed nebo vymaz\u00e1n\u00ed soubor\u016f cookies m\u016f\u017ee znemo\u017enit u\u017eivatel\u016fm vyu\u017e\u00edvat funkce na\u0161ich webov\u00fdch str\u00e1nek nebo m\u016f\u017ee zp\u016fsobit, \u017ee se webov\u00e9 str\u00e1nky ve va\u0161em prohl\u00ed\u017ee\u010di budou chovat jinak, ne\u017e jak jsou naprogramov\u00e1ny.<\/p>\n<p style=\"text-align: justify;\">Z\u00e1sady pou\u017e\u00edv\u00e1n\u00ed; Zm\u011bny z\u00e1sad pou\u017e\u00edv\u00e1n\u00ed soubor\u016f cookies:<\/p>\n<p style=\"text-align: justify;\">Tyto z\u00e1sady pou\u017e\u00edv\u00e1n\u00ed soubor\u016f cookies budou platit pro pou\u017e\u00edv\u00e1n\u00ed soubor\u016f cookies a jak\u00fdchkoli jin\u00fdch informac\u00ed shroma\u017e\u010fovan\u00fdch v dob\u011b platnosti t\u011bchto z\u00e1sad, s v\u00fdjimkou soubor\u016f cookies t\u0159et\u00edch stran. V rozsahu umo\u017en\u011bn\u00e9m m\u00edstn\u00edmi z\u00e1kony si spole\u010dnost Akadote vyhrazuje pr\u00e1vo tyto z\u00e1sady pou\u017e\u00edv\u00e1n\u00ed soubor\u016f cookies kdykoli zm\u011bnit, a proto v\u00e1m doporu\u010dujeme, abyste na na\u0161ich webov\u00fdch str\u00e1nk\u00e1ch ob\u010das zkontrolovali, zda nen\u00ed k dispozici aktualizovan\u00e1 verze. Zm\u011bny v z\u00e1sad\u00e1ch pou\u017e\u00edv\u00e1n\u00ed soubor\u016f cookies jsou platn\u00e9 od okam\u017eiku, kdy jsou zve\u0159ejn\u011bny na na\u0161ich webov\u00fdch str\u00e1nk\u00e1ch.<\/p>\n<p style=\"text-align: justify;\">Va\u0161e pr\u00e1va<br \/>Spole\u010dnost Akadote v\u00e1s informuje, \u017ee m\u016f\u017eete kdykoli a bez jak\u00fdchkoli formalit uplatnit sv\u00e1 pr\u00e1va, a to zasl\u00e1n\u00edm e-mailu na n\u00e1sleduj\u00edc\u00ed e-mailovou adresu: <a href=\"mailto:info@shogi.cz\">info@shogi.cz<\/a>.<\/p>\n<p style=\"text-align: justify;\">Posledn\u00ed aktualizace: 27. 6. 2025<\/p>\n<p>[\/et_pb_text][\/et_pb_column][\/et_pb_row][\/et_pb_section]<\/p>","protected":false},"excerpt":{"rendered":"<p>SHOGI COOKIES Cookie PolicyAkadote s.r.o., located at K Rybnikum 3327, Dvur Kralove nad Labem 544 01, respects the privacy of its customers and online visitors. What are cookies: Cookies are small files that are downloaded to the device when users move around the website. They are often used to ensure the functionality of a website [&hellip;]<\/p>","protected":false},"author":7,"featured_media":0,"parent":0,"menu_order":0,"comment_status":"closed","ping_status":"closed","template":"","meta":{"_et_pb_use_builder":"on","_et_pb_old_content":"","_et_gb_content_width":"","footnotes":""},"folder":[],"class_list":["post-1111","page","type-page","status-publish","hentry"],"_links":{"self":[{"href":"https:\/\/shogi.cz\/cs\/wp-json\/wp\/v2\/pages\/1111","targetHints":{"allow":["GET"]}}],"collection":[{"href":"https:\/\/shogi.cz\/cs\/wp-json\/wp\/v2\/pages"}],"about":[{"href":"https:\/\/shogi.cz\/cs\/wp-json\/wp\/v2\/types\/page"}],"author":[{"embeddable":true,"href":"https:\/\/shogi.cz\/cs\/wp-json\/wp\/v2\/users\/7"}],"replies":[{"embeddable":true,"href":"https:\/\/shogi.cz\/cs\/wp-json\/wp\/v2\/comments?post=1111"}],"version-history":[{"count":10,"href":"https:\/\/shogi.cz\/cs\/wp-json\/wp\/v2\/pages\/1111\/revisions"}],"predecessor-version":[{"id":2644,"href":"https:\/\/shogi.cz\/cs\/wp-json\/wp\/v2\/pages\/1111\/revisions\/2644"}],"wp:attachment":[{"href":"https:\/\/shogi.cz\/cs\/wp-json\/wp\/v2\/media?parent=1111"}],"wp:term":[{"taxonomy":"folder","embeddable":true,"href":"https:\/\/shogi.cz\/cs\/wp-json\/wp\/v2\/folder?post=1111"}],"curies":[{"name":"wp","href":"https:\/\/api.w.org\/{rel}","templated":true}]}}