{"id":1271,"date":"2022-11-20T17:18:02","date_gmt":"2022-11-20T17:18:02","guid":{"rendered":"https:\/\/shogi.cz\/?page_id=1271"},"modified":"2024-03-22T21:56:09","modified_gmt":"2024-03-22T21:56:09","slug":"shipping","status":"publish","type":"page","link":"https:\/\/shogi.cz\/cs\/shipping\/","title":{"rendered":"Doprava a platba"},"content":{"rendered":"<p>[et_pb_section fb_built=&#8221;1&#8243; admin_label=&#8221;Header&#8221; _builder_version=&#8221;4.19.1&#8243; background_enable_color=&#8221;off&#8221; use_background_color_gradient=&#8221;on&#8221; background_color_gradient_stops=&#8221;rgba(249,244,238,0.54) 100%|rgba(0,0,0,0) 100%&#8221; background_color_gradient_overlays_image=&#8221;on&#8221; background_color_gradient_start=&#8221;rgba(249,244,238,0.54)&#8221; background_color_gradient_start_position=&#8221;100%&#8221; background_color_gradient_end=&#8221;rgba(0,0,0,0)&#8221; background_color_gradient_end_position=&#8221;0%&#8221; background_image=&#8221;https:\/\/shogi.cz\/wp-content\/uploads\/2022\/10\/Contact-FAQ-shogi.jpg&#8221; min_height_last_edited=&#8221;off|desktop&#8221; custom_padding=&#8221;5vw||5vw||true|false&#8221; background_last_edited=&#8221;off|desktop&#8221; background_position_phone=&#8221;center_left&#8221; locked=&#8221;off&#8221; global_colors_info=&#8221;{}&#8221;][et_pb_row column_structure=&#8221;1_3,2_3&#8243; make_equal=&#8221;on&#8221; _builder_version=&#8221;4.19.1&#8243; locked=&#8221;off&#8221; global_colors_info=&#8221;{}&#8221;][et_pb_column type=&#8221;1_3&#8243; _builder_version=&#8221;4.16&#8243; custom_padding=&#8221;||||false|false&#8221; global_colors_info=&#8221;{}&#8221;][et_pb_image src=&#8221;https:\/\/shogi.cz\/wp-content\/uploads\/2022\/10\/shogi-kanji-BL.png&#8221; alt=&#8221;shogi kanji BL&#8221; title_text=&#8221;shogi kanji BL&#8221; _builder_version=&#8221;4.19.1&#8243; _module_preset=&#8221;default&#8221; max_width=&#8221;190px&#8221; max_width_tablet=&#8221;120px&#8221; max_width_phone=&#8221;100px&#8221; max_width_last_edited=&#8221;on|desktop&#8221; module_alignment=&#8221;center&#8221; custom_margin_last_edited=&#8221;off|desktop&#8221; custom_padding=&#8221;30px|8px|30px|8px|true|true&#8221; custom_padding_tablet=&#8221;40px||40px||true|true&#8221; custom_padding_phone=&#8221;&#8221; custom_padding_last_edited=&#8221;on|desktop&#8221; border_width_all=&#8221;10px&#8221; border_color_all=&#8221;#222222&#8243; border_width_all_tablet=&#8221;10px&#8221; border_width_all_phone=&#8221;5px&#8221; border_width_all_last_edited=&#8221;on|phone&#8221; box_shadow_style=&#8221;preset1&#8243; box_shadow_blur=&#8221;30px&#8221; global_colors_info=&#8221;{}&#8221;][\/et_pb_image][\/et_pb_column][et_pb_column type=&#8221;2_3&#8243; _builder_version=&#8221;4.16&#8243; custom_padding=&#8221;||||false|false&#8221; global_colors_info=&#8221;{}&#8221;][et_pb_text _builder_version=&#8221;4.19.1&#8243; text_font=&#8221;|600|||||||&#8221; text_text_color=&#8221;#AC120C&#8221; text_font_size=&#8221;25px&#8221; header_font=&#8221;||||||||&#8221; header_text_color=&#8221;#222222&#8243; header_font_size=&#8221;100px&#8221; header_4_font=&#8221;|||on|||||&#8221; header_4_text_color=&#8221;#AC120C&#8221; header_4_font_size=&#8221;30px&#8221; header_4_line_height=&#8221;1.4em&#8221; background_layout=&#8221;dark&#8221; custom_margin_tablet=&#8221;50px||||false|false&#8221; custom_margin_phone=&#8221;30px||||false|false&#8221; custom_margin_last_edited=&#8221;off|desktop&#8221; custom_padding=&#8221;40px||||false|false&#8221; custom_padding_tablet=&#8221;40px||||false|false&#8221; custom_padding_phone=&#8221;0px||||false|false&#8221; custom_padding_last_edited=&#8221;on|phone&#8221; text_font_size_tablet=&#8221;25px&#8221; text_font_size_phone=&#8221;20px&#8221; text_font_size_last_edited=&#8221;on|phone&#8221; header_font_size_tablet=&#8221;54px&#8221; header_font_size_phone=&#8221;32px&#8221; header_font_size_last_edited=&#8221;on|phone&#8221; header_4_font_size_tablet=&#8221;24px&#8221; header_4_font_size_phone=&#8221;18px&#8221; header_4_font_size_last_edited=&#8221;on|phone&#8221; text_orientation_tablet=&#8221;&#8221; text_orientation_phone=&#8221;center&#8221; text_orientation_last_edited=&#8221;on|phone&#8221; module_alignment_last_edited=&#8221;off|phone&#8221; locked=&#8221;off&#8221; global_colors_info=&#8221;{}&#8221;]<\/p>\n<p>DORU\u010cEN\u00cd SHOGI<\/p>\n<h1>Doprava a platba<\/h1>\n<p>[\/et_pb_text][\/et_pb_column][\/et_pb_row][\/et_pb_section][et_pb_section fb_built=&#8221;1&#8243; admin_label=&#8221;Header&#8221; _builder_version=&#8221;4.19.1&#8243; background_color=&#8221;#FFFFFF&#8221; custom_padding=&#8221;50px||50px||true|false&#8221; locked=&#8221;off&#8221; global_colors_info=&#8221;{}&#8221;][et_pb_row _builder_version=&#8221;4.16&#8243; _module_preset=&#8221;default&#8221; custom_padding=&#8221;4px||9px|||&#8221; global_colors_info=&#8221;{}&#8221;][et_pb_column type=&#8221;4_4&#8243; _builder_version=&#8221;4.16&#8243; _module_preset=&#8221;default&#8221; global_colors_info=&#8221;{}&#8221;][et_pb_text _builder_version=&#8221;4.19.1&#8243; _module_preset=&#8221;default&#8221; hover_enabled=&#8221;0&#8243; global_colors_info=&#8221;{}&#8221; sticky_enabled=&#8221;0&#8243;]<\/p>\n<h2 style=\"text-align: justify;\"><b>Zas\u00edl\u00e1me po cel\u00e9m sv\u011bt\u011b<\/b><\/h2>\n<p style=\"text-align: justify;\">Shogi.cz slou\u017e\u00ed z\u00e1kazn\u00edk\u016fm po cel\u00e9m sv\u011bt\u011b, zas\u00edl\u00e1me do mnoha r\u016fzn\u00fdch zem\u00ed a kontinent\u016f! Pokud jste v eshopu nena\u0161li mo\u017enosti dopravy pro va\u0161i zemi, dejte n\u00e1m v\u011bd\u011bt a my v\u00e1m <strong>vypo\u010d\u00edt\u00e1me dopravu individu\u00e1ln\u011b<\/strong>.<\/p>\n<h3><strong>Obecn\u00e9 informace<\/strong><\/h3>\n<p style=\"text-align: justify;\">Vzhledem ke kol\u00eds\u00e1n\u00ed sm\u011bnn\u00e9ho kurzu m\u016f\u017ee b\u00fdt u objedn\u00e1vek s hodnotou velmi bl\u00edzkou limitu pro osvobozen\u00ed od dan\u011b vym\u011b\u0159en\u00e9 clo a da\u0148 (D&amp;T), proto\u017ee sm\u011bnn\u00fd kurz se m\u016f\u017ee od data objedn\u00e1vky do data celn\u00edho odbaven\u00ed zm\u011bnit.<\/p>\n<p style=\"text-align: justify;\">Informujte se na sv\u00e9m celn\u00edm \u00fa\u0159ad\u011b, zda m\u016f\u017eete zbo\u017e\u00ed dov\u00e1\u017eet a zda jsou zapot\u0159eb\u00ed dal\u0161\u00ed licence nebo povolen\u00ed.<\/p>\n<h3><strong>Celn\u00ed informace<\/strong><\/h3>\n<p style=\"text-align: justify;\">Pro informace o clech, dovozn\u00edch poplatc\u00edch atd. se informujte na: Celn\u00ed spr\u00e1v\u011b va\u0161\u00ed zem\u011b, da\u0148ov\u00e9m \u00fa\u0159adu a celn\u00ed unii.<\/p>\n<h3><strong>Doprava a platba<\/strong><\/h3>\n<p style=\"text-align: justify;\">V\u0161echny objedn\u00e1vky Shogi.cz jsou odes\u00edl\u00e1ny z na\u0161eho skladu v \u010cesk\u00e9 republice, EU. Osobn\u00ed odb\u011br je mo\u017en\u00fd pouze po p\u0159edchoz\u00ed dohod\u011b.<\/p>\n<p><strong>Dostupn\u00e9 zp\u016fsoby p\u0159epravy<\/strong><\/p>\n<ul>\n<li>Po\u0161ta<\/li>\n<li>PPL<\/li>\n<li>DPD<\/li>\n<li>GLS<\/li>\n<li>Z\u00e1silkovna<\/li>\n<\/ul>\n<p style=\"text-align: justify;\">Objedn\u00e1vky obvykle odes\u00edl\u00e1me jednou t\u00fddn\u011b. U n\u011bkter\u00fdch objedn\u00e1vek v\u0161ak m\u016f\u017ee ob\u010das doj\u00edt k prodlou\u017een\u00ed doby p\u0159epravy z d\u016fvodu zpo\u017ed\u011bn\u00ed leteck\u00e9 p\u0159epravy, zadr\u017een\u00ed na celnici nebo jin\u00fdch nep\u0159edv\u00eddan\u00fdch komplikac\u00ed mimo na\u0161i kontrolu.<\/p>\n<p>[\/et_pb_text][\/et_pb_column][\/et_pb_row][\/et_pb_section][et_pb_section fb_built=&#8221;1&#8243; _builder_version=&#8221;4.19.1&#8243; _module_preset=&#8221;default&#8221; background_color=&#8221;#F9F4EE&#8221; background_image=&#8221;https:\/\/shogi.cz\/wp-content\/uploads\/2021\/02\/sushi-38.png&#8221; background_size=&#8221;initial&#8221; background_repeat=&#8221;repeat&#8221; custom_margin=&#8221;||||false|false&#8221; custom_padding=&#8221;0px||11px||false|false&#8221; top_divider_style=&#8221;arrow&#8221; top_divider_color=&#8221;#FFFFFF&#8221; top_divider_flip=&#8221;vertical&#8221; top_divider_height_tablet=&#8221;&#8221; top_divider_height_phone=&#8221;50px&#8221; top_divider_height_last_edited=&#8221;on|phone&#8221; global_module=&#8221;1096&#8243; saved_tabs=&#8221;all&#8221; global_colors_info=&#8221;{}&#8221;][et_pb_row custom_padding_last_edited=&#8221;on|phone&#8221; _builder_version=&#8221;4.19.1&#8243; background_enable_image=&#8221;off&#8221; background_size=&#8221;initial&#8221; background_repeat=&#8221;repeat&#8221; width_tablet=&#8221;&#8221; width_phone=&#8221;100%&#8221; width_last_edited=&#8221;on|phone&#8221; max_width=&#8221;1440px&#8221; custom_padding=&#8221;80px|10%|80px|10%|true|true&#8221; custom_padding_tablet=&#8221;&#8221; custom_padding_phone=&#8221;&#8221; global_colors_info=&#8221;{}&#8221;][et_pb_column type=&#8221;4_4&#8243; _builder_version=&#8221;4.16&#8243; global_colors_info=&#8221;{}&#8221;][et_pb_text _builder_version=&#8221;4.19.1&#8243; header_2_font=&#8221;Shogi|600|||||||&#8221; header_2_text_color=&#8221;#000000&#8243; text_orientation=&#8221;center&#8221; module_alignment=&#8221;center&#8221; custom_margin=&#8221;||0px||false|false&#8221; custom_padding=&#8221;20px||||false|false&#8221; custom_padding_tablet=&#8221;&#8221; custom_padding_phone=&#8221;||||false|false&#8221; custom_padding_last_edited=&#8221;on|phone&#8221; header_2_font_size_tablet=&#8221;40px&#8221; header_2_font_size_phone=&#8221;30px&#8221; header_2_font_size_last_edited=&#8221;off|desktop&#8221; locked=&#8221;off&#8221; global_colors_info=&#8221;{}&#8221;]<\/p>\n<h2>Zanechte n\u00e1m vzkaz!<\/h2>\n<p>[\/et_pb_text][et_pb_text _builder_version=&#8221;4.16&#8243; _module_preset=&#8221;default&#8221; global_colors_info=&#8221;{}&#8221;]<\/p>\n<p style=\"text-align: left;\"><div class=\"wpforms-container wpforms-container-full\" id=\"wpforms-271\"><form id=\"wpforms-form-271\" class=\"wpforms-validate wpforms-form wpforms-ajax-form\" data-formid=\"271\" method=\"post\" enctype=\"multipart\/form-data\" action=\"\/cs\/wp-json\/wp\/v2\/pages\/1271\" data-token=\"b3f1803dbcee20ad1f90c0b4eb0b1ce9\" data-token-time=\"1778166902\" data-trp-original-action=\"\/cs\/wp-json\/wp\/v2\/pages\/1271\"><noscript class=\"wpforms-error-noscript\">Chcete-li vyplnit tento formul\u00e1\u0159, pros\u00edm povolte v prohl\u00ed\u017ee\u010di JavaScript.<\/noscript><div class=\"wpforms-field-container\"><div id=\"wpforms-271-field_0-container\" class=\"wpforms-field wpforms-field-name wpforms-one-half wpforms-first\" data-field-id=\"0\"><label class=\"wpforms-field-label wpforms-label-hide\" for=\"wpforms-271-field_0\">Jm\u00e9no <span class=\"wpforms-required-label\">*<\/span><\/label><input type=\"text\" id=\"wpforms-271-field_0\" class=\"wpforms-field-medium wpforms-field-required\" name=\"wpforms[fields][0]\" placeholder=\"Jm\u00e9no\" required><\/div><div id=\"wpforms-271-field_1-container\" class=\"wpforms-field wpforms-field-email wpforms-one-half\" data-field-id=\"1\"><label class=\"wpforms-field-label wpforms-label-hide\" for=\"wpforms-271-field_1\">E-mail <span class=\"wpforms-required-label\">*<\/span><\/label><input type=\"email\" id=\"wpforms-271-field_1\" class=\"wpforms-field-medium wpforms-field-required\" name=\"wpforms[fields][1]\" placeholder=\"E-mail\" spellcheck=\"false\" required><\/div><div id=\"wpforms-271-field_2-container\" class=\"wpforms-field wpforms-field-textarea\" data-field-id=\"2\"><label class=\"wpforms-field-label wpforms-label-hide\" for=\"wpforms-271-field_2\">Zpr\u00e1va <span class=\"wpforms-required-label\">*<\/span><\/label><textarea id=\"wpforms-271-field_2\" class=\"wpforms-field-medium wpforms-field-required\" name=\"wpforms[fields][2]\" placeholder=\"Va\u0161e zpr\u00e1va, dotaz nebo pozdrav :)\" required><\/textarea><\/div><\/div><!-- .wpforms-field-container --><div class=\"wpforms-recaptcha-container wpforms-is-recaptcha wpforms-is-recaptcha-type-v2\" ><div class=\"g-recaptcha\" data-sitekey=\"6Lexq8UqAAAAALfl8KOS4MMeMPKETvUTpL8k6Uqi\"><\/div><input type=\"text\" name=\"g-recaptcha-hidden\" class=\"wpforms-recaptcha-hidden\" style=\"position:absolute!important;clip:rect(0,0,0,0)!important;height:1px!important;width:1px!important;border:0!important;overflow:hidden!important;padding:0!important;margin:0!important;\" data-rule-recaptcha=\"1\"><\/div><div class=\"wpforms-submit-container\" ><input type=\"hidden\" name=\"wpforms[id]\" value=\"271\"><input type=\"hidden\" name=\"page_title\" value=\"\"><input type=\"hidden\" name=\"page_url\" value=\"https:\/\/shogi.cz\/cs\/wp-json\/wp\/v2\/pages\/1271\"><input type=\"hidden\" name=\"url_referer\" value=\"\"><button type=\"submit\" name=\"wpforms[submit]\" id=\"wpforms-submit-271\" class=\"wpforms-submit\" data-alt-text=\"Sending...\" data-submit-text=\"Send\" aria-live=\"assertive\" value=\"wpforms-submit\">Poslat<\/button><img loading=\"lazy\" decoding=\"async\" src=\"https:\/\/shogi.cz\/wp-content\/plugins\/wpforms-lite\/assets\/images\/submit-spin.svg\" class=\"wpforms-submit-spinner\" style=\"display: none;\" width=\"26\" height=\"26\" alt=\"Na\u010d\u00edt\u00e1n\u00ed\"><\/div><input type=\"hidden\" name=\"trp-form-language\" value=\"cs\"\/><\/form><\/div>  <!-- .wpforms-container --><\/p>\n<p>[\/et_pb_text][\/et_pb_column][\/et_pb_row][\/et_pb_section]<\/p>","protected":false},"excerpt":{"rendered":"<p>SHOGI DELIVERY ShippingWe ship worldwide Shogi.cz serves customers worldwide, we ship to many different countries and continents! If you did not find shipping options for your country in eshop, just let us know and we can calculate the shipping individually. General Information Due to the fluctuations of the exchange rate, orders with value very close [&hellip;]<\/p>","protected":false},"author":7,"featured_media":0,"parent":0,"menu_order":0,"comment_status":"closed","ping_status":"closed","template":"","meta":{"_et_pb_use_builder":"on","_et_pb_old_content":"","_et_gb_content_width":"","footnotes":""},"folder":[],"class_list":["post-1271","page","type-page","status-publish","hentry"],"_links":{"self":[{"href":"https:\/\/shogi.cz\/cs\/wp-json\/wp\/v2\/pages\/1271","targetHints":{"allow":["GET"]}}],"collection":[{"href":"https:\/\/shogi.cz\/cs\/wp-json\/wp\/v2\/pages"}],"about":[{"href":"https:\/\/shogi.cz\/cs\/wp-json\/wp\/v2\/types\/page"}],"author":[{"embeddable":true,"href":"https:\/\/shogi.cz\/cs\/wp-json\/wp\/v2\/users\/7"}],"replies":[{"embeddable":true,"href":"https:\/\/shogi.cz\/cs\/wp-json\/wp\/v2\/comments?post=1271"}],"version-history":[{"count":7,"href":"https:\/\/shogi.cz\/cs\/wp-json\/wp\/v2\/pages\/1271\/revisions"}],"predecessor-version":[{"id":1963,"href":"https:\/\/shogi.cz\/cs\/wp-json\/wp\/v2\/pages\/1271\/revisions\/1963"}],"wp:attachment":[{"href":"https:\/\/shogi.cz\/cs\/wp-json\/wp\/v2\/media?parent=1271"}],"wp:term":[{"taxonomy":"folder","embeddable":true,"href":"https:\/\/shogi.cz\/cs\/wp-json\/wp\/v2\/folder?post=1271"}],"curies":[{"name":"wp","href":"https:\/\/api.w.org\/{rel}","templated":true}]}}