{"id":3,"date":"2021-02-24T22:39:18","date_gmt":"2021-02-24T22:39:18","guid":{"rendered":"https:\/\/shogi.cz\/?page_id=3"},"modified":"2025-07-01T16:32:50","modified_gmt":"2025-07-01T16:32:50","slug":"gdpr","status":"publish","type":"page","link":"https:\/\/shogi.cz\/cs\/gdpr\/","title":{"rendered":"Ochrana osobn\u00edch \u00fadaj\u016f"},"content":{"rendered":"<p>[et_pb_section fb_built=&#8221;1&#8243; admin_label=&#8221;Header&#8221; _builder_version=&#8221;4.19.1&#8243; background_enable_color=&#8221;off&#8221; use_background_color_gradient=&#8221;on&#8221; background_color_gradient_stops=&#8221;rgba(249,244,238,0.54) 100%|rgba(0,0,0,0) 100%&#8221; background_color_gradient_overlays_image=&#8221;on&#8221; background_color_gradient_start=&#8221;rgba(249,244,238,0.54)&#8221; background_color_gradient_start_position=&#8221;100%&#8221; background_color_gradient_end=&#8221;rgba(0,0,0,0)&#8221; background_color_gradient_end_position=&#8221;0%&#8221; background_image=&#8221;https:\/\/shogi.cz\/wp-content\/uploads\/2022\/10\/Contact-FAQ-shogi.jpg&#8221; min_height_last_edited=&#8221;off|desktop&#8221; custom_padding=&#8221;5vw||5vw||true|false&#8221; background_last_edited=&#8221;off|desktop&#8221; background_position_phone=&#8221;center_left&#8221; locked=&#8221;off&#8221; global_colors_info=&#8221;{}&#8221;][et_pb_row column_structure=&#8221;1_3,2_3&#8243; make_equal=&#8221;on&#8221; _builder_version=&#8221;4.19.1&#8243; locked=&#8221;off&#8221; global_colors_info=&#8221;{}&#8221;][et_pb_column type=&#8221;1_3&#8243; _builder_version=&#8221;4.16&#8243; custom_padding=&#8221;||||false|false&#8221; global_colors_info=&#8221;{}&#8221;][et_pb_image src=&#8221;https:\/\/shogi.cz\/wp-content\/uploads\/2022\/10\/shogi-kanji-BL.png&#8221; alt=&#8221;shogi kanji BL&#8221; title_text=&#8221;shogi kanji BL&#8221; _builder_version=&#8221;4.19.1&#8243; _module_preset=&#8221;default&#8221; max_width=&#8221;190px&#8221; max_width_tablet=&#8221;120px&#8221; max_width_phone=&#8221;100px&#8221; max_width_last_edited=&#8221;on|desktop&#8221; module_alignment=&#8221;center&#8221; custom_margin_last_edited=&#8221;off|desktop&#8221; custom_padding=&#8221;30px|8px|30px|8px|true|true&#8221; custom_padding_tablet=&#8221;40px||40px||true|true&#8221; custom_padding_phone=&#8221;&#8221; custom_padding_last_edited=&#8221;on|desktop&#8221; border_width_all=&#8221;10px&#8221; border_color_all=&#8221;#222222&#8243; border_width_all_tablet=&#8221;10px&#8221; border_width_all_phone=&#8221;5px&#8221; border_width_all_last_edited=&#8221;on|phone&#8221; box_shadow_style=&#8221;preset1&#8243; box_shadow_blur=&#8221;30px&#8221; global_colors_info=&#8221;{}&#8221;][\/et_pb_image][\/et_pb_column][et_pb_column type=&#8221;2_3&#8243; _builder_version=&#8221;4.16&#8243; custom_padding=&#8221;||||false|false&#8221; global_colors_info=&#8221;{}&#8221;][et_pb_text _builder_version=&#8221;4.19.1&#8243; text_font=&#8221;|600|||||||&#8221; text_text_color=&#8221;#AC120C&#8221; text_font_size=&#8221;25px&#8221; header_font=&#8221;||||||||&#8221; header_text_color=&#8221;#222222&#8243; header_font_size=&#8221;100px&#8221; header_4_font=&#8221;|||on|||||&#8221; header_4_text_color=&#8221;#AC120C&#8221; header_4_font_size=&#8221;30px&#8221; header_4_line_height=&#8221;1.4em&#8221; background_layout=&#8221;dark&#8221; custom_margin_tablet=&#8221;50px||||false|false&#8221; custom_margin_phone=&#8221;30px||||false|false&#8221; custom_margin_last_edited=&#8221;off|desktop&#8221; custom_padding=&#8221;40px||||false|false&#8221; custom_padding_tablet=&#8221;40px||||false|false&#8221; custom_padding_phone=&#8221;0px||||false|false&#8221; custom_padding_last_edited=&#8221;on|phone&#8221; text_font_size_tablet=&#8221;25px&#8221; text_font_size_phone=&#8221;20px&#8221; text_font_size_last_edited=&#8221;on|phone&#8221; header_font_size_tablet=&#8221;54px&#8221; header_font_size_phone=&#8221;32px&#8221; header_font_size_last_edited=&#8221;on|phone&#8221; header_4_font_size_tablet=&#8221;24px&#8221; header_4_font_size_phone=&#8221;18px&#8221; header_4_font_size_last_edited=&#8221;on|phone&#8221; text_orientation_tablet=&#8221;&#8221; text_orientation_phone=&#8221;center&#8221; text_orientation_last_edited=&#8221;on|phone&#8221; module_alignment_last_edited=&#8221;off|phone&#8221; locked=&#8221;off&#8221; global_colors_info=&#8221;{}&#8221;]<\/p>\n<p>SHOGI GDPR<\/p>\n<h1>Ochrana osobn\u00edch \u00fadaj\u016f<\/h1>\n<p>[\/et_pb_text][\/et_pb_column][\/et_pb_row][\/et_pb_section][et_pb_section fb_built=&#8221;1&#8243; admin_label=&#8221;Header&#8221; _builder_version=&#8221;4.16&#8243; background_color=&#8221;#f9f4ee&#8221; custom_padding=&#8221;50px||50px||true|false&#8221; locked=&#8221;off&#8221; global_colors_info=&#8221;{}&#8221;][et_pb_row _builder_version=&#8221;4.16&#8243; _module_preset=&#8221;default&#8221; custom_padding=&#8221;4px||9px|||&#8221; global_colors_info=&#8221;{}&#8221;][et_pb_column type=&#8221;4_4&#8243; _builder_version=&#8221;4.16&#8243; _module_preset=&#8221;default&#8221; global_colors_info=&#8221;{}&#8221;][et_pb_text _builder_version=&#8221;4.19.1&#8243; _module_preset=&#8221;default&#8221; global_colors_info=&#8221;{}&#8221;]<\/p>\n<h2 style=\"text-align: justify;\"><b>I. Z\u00e1kladn\u00ed ustanoven\u00ed<\/b><\/h2>\n<p style=\"text-align: justify;\">1. Spr\u00e1vcem osobn\u00edch \u00fadaj\u016f podle \u010dl. 4 bod 7 na\u0159\u00edzen\u00ed Evropsk\u00e9ho parlamentu a Rady (EU) 2016\/679 o ochran\u011b fyzick\u00fdch osob v souvislosti se zpracov\u00e1n\u00edm osobn\u00edch \u00fadaj\u016f a o voln\u00e9m pohybu t\u011bchto \u00fadaj\u016f (d\u00e1le jen: \u201eGDPR\u201d) je Akadote s.r.o. I\u010c 04159721 se s\u00eddlem <span>K Rybn\u00edk\u016fm 3327, <\/span><span>Dv\u016fr Kr\u00e1lov\u00e9 nad Labem <\/span>544 01 (d\u00e1le jen jako \"spr\u00e1vce\").<\/p>\n<p style=\"text-align: justify;\">2. Kontaktn\u00ed \u00fadaje spr\u00e1vce jsou<\/p>\n<p style=\"text-align: justify;\">e-mail: info@shogi.cz, telefon: +420 723 512 087<\/p>\n<p style=\"text-align: justify;\">3. Osobn\u00edmi \u00fadaji se rozum\u00ed ve\u0161ker\u00e9 informace o identifikovan\u00e9 nebo identifikovateln\u00e9 fyzick\u00e9 osob\u011b; identifikovatelnou fyzickou osobou je fyzick\u00e1 osoba, kterou lze p\u0159\u00edmo \u010di nep\u0159\u00edmo identifikovat, zejm\u00e9na odkazem na ur\u010dit\u00fd identifik\u00e1tor, nap\u0159\u00edklad jm\u00e9no, identifika\u010dn\u00ed \u010d\u00edslo, loka\u010dn\u00ed \u00fadaje, s\u00ed\u0165ov\u00fd identifik\u00e1tor nebo na jeden \u010di v\u00edce zvl\u00e1\u0161tn\u00edch prvk\u016f fyzick\u00e9, fyziologick\u00e9, genetick\u00e9, psychick\u00e9, ekonomick\u00e9, kulturn\u00ed nebo spole\u010densk\u00e9 identity t\u00e9to fyzick\u00e9 osoby.<\/p>\n<p style=\"text-align: justify;\">4. Spr\u00e1vce nejmenoval pov\u011b\u0159ence pro ochranu osobn\u00edch \u00fadaj\u016f.<\/p>\n<h2 style=\"text-align: justify;\">II. Zdroje a kategorie zpracov\u00e1van\u00fdch osobn\u00edch \u00fadaj\u016f<\/h2>\n<p style=\"text-align: justify;\">1. Spr\u00e1vce zpracov\u00e1v\u00e1 osobn\u00ed \u00fadaje, kter\u00e9 jste mu poskytl\/a nebo osobn\u00ed \u00fadaje, kter\u00e9 spr\u00e1vce z\u00edskal na z\u00e1klad\u011b pln\u011bn\u00ed Va\u0161\u00ed objedn\u00e1vky.<\/p>\n<p style=\"text-align: justify;\">2. Spr\u00e1vce zpracov\u00e1v\u00e1 Va\u0161e identifika\u010dn\u00ed a kontaktn\u00ed \u00fadaje a \u00fadaje nezbytn\u00e9 pro pln\u011bn\u00ed smlouvy.<\/p>\n<h2 style=\"text-align: justify;\">III. Z\u00e1konn\u00fd d\u016fvod a \u00fa\u010del zpracov\u00e1n\u00ed osobn\u00edch \u00fadaj\u016f<\/h2>\n<p style=\"text-align: justify;\">1. Z\u00e1konn\u00fdm d\u016fvodem zpracov\u00e1n\u00ed osobn\u00edch \u00fadaj\u016f je:<\/p>\n<ul style=\"text-align: justify;\">\n<li>pln\u011bn\u00ed smlouvy mezi V\u00e1mi a spr\u00e1vcem podle \u010dl. 6 odst. 1 p\u00edsm. b) GDPR,<\/li>\n<li>opr\u00e1vn\u011bn\u00fd z\u00e1jem spr\u00e1vce na poskytov\u00e1n\u00ed p\u0159\u00edm\u00e9ho marketingu (zejm\u00e9na pro zas\u00edl\u00e1n\u00ed obchodn\u00edch sd\u011blen\u00ed a newsletter\u016f) podle \u010dl. 6 odst. 1 p\u00edsm. f) GDPR,<\/li>\n<li>V\u00e1\u0161 souhlas se zpracov\u00e1n\u00edm pro \u00fa\u010dely poskytov\u00e1n\u00ed p\u0159\u00edm\u00e9ho marketingu (zejm\u00e9na pro zas\u00edl\u00e1n\u00ed obchodn\u00edch sd\u011blen\u00ed a newsletter\u016f) podle \u010dl. 6 odst. 1 p\u00edsm. a) GDPR ve spojen\u00ed s \u00a7 7 odst. 2 z\u00e1kona \u010d. 480\/2004 Sb., o n\u011bkter\u00fdch slu\u017eb\u00e1ch informa\u010dn\u00ed spole\u010dnosti v p\u0159\u00edpad\u011b, \u017ee nedo\u0161lo k objedn\u00e1vce zbo\u017e\u00ed nebo slu\u017eby.<\/li>\n<\/ul>\n<p style=\"text-align: justify;\">2. \u00da\u010delem zpracov\u00e1n\u00ed osobn\u00edch \u00fadaj\u016f je:<\/p>\n<ul style=\"text-align: justify;\">\n<li>vy\u0159\u00edzen\u00ed Va\u0161\u00ed objedn\u00e1vky a v\u00fdkon pr\u00e1v a povinnost\u00ed vypl\u00fdvaj\u00edc\u00edch ze smluvn\u00edho vztahu mezi V\u00e1mi a spr\u00e1vcem; p\u0159i objedn\u00e1vce jsou vy\u017eadov\u00e1ny osobn\u00ed \u00fadaje, kter\u00e9 jsou nutn\u00e9 pro \u00fasp\u011b\u0161n\u00e9 vy\u0159\u00edzen\u00ed objedn\u00e1vky (jm\u00e9no a adresa, kontakt), poskytnut\u00ed osobn\u00edch \u00fadaj\u016f je nutn\u00fdm po\u017eadavkem pro uzav\u0159en\u00ed a pln\u011bn\u00ed smlouvy, bez poskytnut\u00ed osobn\u00edch \u00fadaj\u016f nen\u00ed mo\u017en\u00e9 smlouvu uzav\u0159\u00edt \u010di j\u00ed ze strany spr\u00e1vce plnit,<\/li>\n<li>zas\u00edl\u00e1n\u00ed obchodn\u00edch sd\u011blen\u00ed a \u010din\u011bn\u00ed dal\u0161\u00edch marketingov\u00fdch aktivit.<\/li>\n<\/ul>\n<p style=\"text-align: justify;\">3. Ze strany spr\u00e1vce nedoch\u00e1z\u00ed k automatick\u00e9mu individu\u00e1ln\u00edmu rozhodov\u00e1n\u00ed ve smyslu \u010dl. 22 GDPR.<\/p>\n<h2 style=\"text-align: justify;\">IV.\u00a0<span>Doba uchov\u00e1v\u00e1n\u00ed \u00fadaj\u016f\u00a0<\/span>time of data<\/h2>\n<p style=\"text-align: justify;\">1. Spr\u00e1vce uchov\u00e1v\u00e1 osobn\u00ed \u00fadaje:<\/p>\n<ul style=\"text-align: justify;\">\n<li>po dobu nezbytnou k v\u00fdkonu pr\u00e1v a povinnost\u00ed vypl\u00fdvaj\u00edc\u00edch ze smluvn\u00edho vztahu mezi V\u00e1mi a spr\u00e1vcem a uplat\u0148ov\u00e1n\u00ed n\u00e1rok\u016f z t\u011bchto smluvn\u00edch vztah\u016f (po dobu 15 let od ukon\u010den\u00ed smluvn\u00edho vztahu).<\/li>\n<li>po dobu, ne\u017e je odvol\u00e1n souhlas se zpracov\u00e1n\u00edm osobn\u00edch \u00fadaj\u016f pro \u00fa\u010dely marketingu, nejd\u00e9le 10 let, jsou-li osobn\u00ed \u00fadaje zpracov\u00e1v\u00e1ny na z\u00e1klad\u011b souhlasu.<\/li>\n<\/ul>\n<p style=\"text-align: justify;\">2. Po uplynut\u00ed doby uchov\u00e1v\u00e1n\u00ed osobn\u00edch \u00fadaj\u016f spr\u00e1vce osobn\u00ed \u00fadaje vyma\u017ee.<\/p>\n<h2 style=\"text-align: justify;\">V. P\u0159\u00edjemci osobn\u00edch \u00fadaj\u016f (subdodavatel\u00e9 spr\u00e1vce)<\/h2>\n<p style=\"text-align: justify;\">1. P\u0159\u00edjemci osobn\u00edch \u00fadaj\u016f jsou osoby:<\/p>\n<ul style=\"text-align: justify;\">\n<li>pod\u00edlej\u00edc\u00ed se na dod\u00e1n\u00ed zbo\u017e\u00ed, slu\u017eeb a realizaci plateb na z\u00e1klad\u011b smlouvy,<\/li>\n<li>zaji\u0161\u0165uj\u00edc\u00ed slu\u017eby provozov\u00e1n\u00ed webov\u00fdch str\u00e1nek,<\/li>\n<li>zaji\u0161\u0165uj\u00edc\u00ed marketingov\u00e9 slu\u017eby.<\/li>\n<\/ul>\n<p style=\"text-align: justify;\">2. Spr\u00e1vce m\u00e1 v \u00famyslu p\u0159edat osobn\u00ed \u00fadaje do t\u0159et\u00ed zem\u011b (do zem\u011b mimo EU) nebo mezin\u00e1rodn\u00ed organizaci. P\u0159\u00edjemci osobn\u00edch \u00fadaj\u016f ve t\u0159et\u00edch zem\u00edch jsou poskytovatel\u00e9 mailingov\u00fdch slu\u017eeb a cloudov\u00fdch slu\u017eeb, nap\u0159. Mailchimp.<\/p>\n<h2 style=\"text-align: justify;\">VI. Va\u0161e pr\u00e1va<\/h2>\n<p style=\"text-align: justify;\">1. Za podm\u00ednek stanoven\u00fdch v GDPR m\u00e1te:<\/p>\n<ul style=\"text-align: justify;\">\n<li>pr\u00e1vo na p\u0159\u00edstup ke sv\u00fdm osobn\u00edm \u00fadaj\u016fm dle \u010dl. 15 GDPR,<\/li>\n<li>pr\u00e1vo opravu osobn\u00edch \u00fadaj\u016f dle \u010dl. 16 GDPR, pop\u0159\u00edpad\u011b omezen\u00ed zpracov\u00e1n\u00ed dle \u010dl. 18 GDPR.<\/li>\n<li>pr\u00e1vo na v\u00fdmaz osobn\u00edch \u00fadaj\u016f dle \u010dl. 17 GDPR.<\/li>\n<li>pr\u00e1vo vzn\u00e9st n\u00e1mitku proti zpracov\u00e1n\u00ed dle \u010dl. 21 GDPR a<\/li>\n<li>pr\u00e1vo na p\u0159enositelnost \u00fadaj\u016f dle \u010dl. 20 GDPR.<\/li>\n<li>pr\u00e1vo odvolat souhlas se zpracov\u00e1n\u00edm p\u00edsemn\u011b nebo elektronicky na adresu nebo email spr\u00e1vce uveden\u00fd v \u010dl. III t\u011bchto podm\u00ednek.<\/li>\n<\/ul>\n<p style=\"text-align: justify;\">2. D\u00e1le m\u00e1te pr\u00e1vo podat st\u00ed\u017enost u \u00da\u0159adu pro ochranu osobn\u00edch \u00fadaj\u016f v p\u0159\u00edpad\u011b, \u017ee se domn\u00edv\u00e1te, \u017ee bylo poru\u0161eno Va\u0161\u00ed pr\u00e1vo na ochranu osobn\u00edch \u00fadaj\u016f.<\/p>\n<h2 style=\"text-align: justify;\">VII. Podm\u00ednky zabezpe\u010den\u00ed osobn\u00edch \u00fadaj\u016f<\/h2>\n<p style=\"text-align: justify;\">1. Spr\u00e1vce prohla\u0161uje, \u017ee p\u0159ijal ve\u0161ker\u00e1 vhodn\u00e1 technick\u00e1 a organiza\u010dn\u00ed opat\u0159en\u00ed k zabezpe\u010den\u00ed osobn\u00edch \u00fadaj\u016f.<\/p>\n<p style=\"text-align: justify;\">2. Spr\u00e1vce p\u0159ijal technick\u00e1 opat\u0159en\u00ed k zabezpe\u010den\u00ed datov\u00fdch \u00falo\u017ei\u0161\u0165 a \u00falo\u017ei\u0161\u0165 osobn\u00edch \u00fadaj\u016f v listinn\u00e9 podob\u011b.<\/p>\n<p style=\"text-align: justify;\">3. Spr\u00e1vce prohla\u0161uje, \u017ee k osobn\u00edm \u00fadaj\u016fm maj\u00ed p\u0159\u00edstup pouze j\u00edm pov\u011b\u0159en\u00e9 osoby.<\/p>\n<h2 style=\"text-align: justify;\">VIII. Z\u00e1v\u011bre\u010dn\u00e1 ustanoven\u00ed<\/h2>\n<p style=\"text-align: justify;\">1. Odesl\u00e1n\u00edm objedn\u00e1vky z internetov\u00e9ho objedn\u00e1vkov\u00e9ho formul\u00e1\u0159e potvrzujete, \u017ee jste sezn\u00e1men\/a s podm\u00ednkami ochrany osobn\u00edch \u00fadaj\u016f a \u017ee je v cel\u00e9m rozsahu p\u0159ij\u00edm\u00e1te.<\/p>\n<p style=\"text-align: justify;\">2. Spr\u00e1vce je opr\u00e1vn\u011bn tyto podm\u00ednky zm\u011bnit. Novou verzi podm\u00ednek ochrany osobn\u00edch \u00fadaj\u016f zve\u0159ejn\u00ed na sv\u00fdch internetov\u00fdch str\u00e1nk\u00e1ch, pop\u0159. V\u00e1m za\u0161le novou verzi t\u011bchto podm\u00ednek na Va\u0161i e-mailovou adresu, kterou jste spr\u00e1vci poskytl\/a.<\/p>\n<p style=\"text-align: justify;\"><b>Tyto podm\u00ednky nab\u00fdvaj\u00ed \u00fa\u010dinnosti dnem<\/b> <strong>25. 5. 2018.<\/strong><\/p>\n<p>[\/et_pb_text][\/et_pb_column][\/et_pb_row][\/et_pb_section]<\/p>","protected":false},"excerpt":{"rendered":"<p>SHOGI GDPR Privacy PolicyI. Basic provisions 1. The personal data controller referred to in Article 4 (7) of Regulation (EU) 2016\/679 of the European Parliament and of the Council on the protection of individuals with regard to the processing of personal data and on the free movement of such data (hereinafter referred to as GDPR) [&hellip;]<\/p>","protected":false},"author":7,"featured_media":0,"parent":0,"menu_order":0,"comment_status":"closed","ping_status":"closed","template":"","meta":{"_et_pb_use_builder":"on","_et_pb_old_content":"<!-- wp:heading --><h2>Who we are<\/h2><!-- \/wp:heading --><!-- wp:paragraph --><p>Our website address is: https:\/\/shogi.cz.<\/p><!-- \/wp:paragraph --><!-- wp:heading --><h2>What personal data we collect and why we collect it<\/h2><!-- \/wp:heading --><!-- wp:heading {\"level\":3} --><h3>Comments<\/h3><!-- \/wp:heading --><!-- wp:paragraph --><p>When visitors leave comments on the site we collect the data shown in the comments form, and also the visitor&#8217;s IP address and browser user agent string to help spam detection.<\/p><!-- \/wp:paragraph --><!-- wp:paragraph --><p>An anonymized string created from your email address (also called a hash) may be provided to the Gravatar service to see if you are using it. The Gravatar service privacy policy is available here: https:\/\/automattic.com\/privacy\/. After approval of your comment, your profile picture is visible to the public in the context of your comment.<\/p><!-- \/wp:paragraph --><!-- wp:heading {\"level\":3} --><h3>Media<\/h3><!-- \/wp:heading --><!-- wp:paragraph --><p>If you upload images to the website, you should avoid uploading images with embedded location data (EXIF GPS) included. Visitors to the website can download and extract any location data from images on the website.<\/p><!-- \/wp:paragraph --><!-- wp:heading {\"level\":3} --><h3>Contact forms<\/h3><!-- \/wp:heading --><!-- wp:heading {\"level\":3} --><h3>Cookies<\/h3><!-- \/wp:heading --><!-- wp:paragraph --><p>If you leave a comment on our site you may opt-in to saving your name, email address and website in cookies. These are for your convenience so that you do not have to fill in your details again when you leave another comment. These cookies will last for one year.<\/p><!-- \/wp:paragraph --><!-- wp:paragraph --><p>If you visit our login page, we will set a temporary cookie to determine if your browser accepts cookies. This cookie contains no personal data and is discarded when you close your browser.<\/p><!-- \/wp:paragraph --><!-- wp:paragraph --><p>When you log in, we will also set up several cookies to save your login information and your screen display choices. Login cookies last for two days, and screen options cookies last for a year. If you select &quot;Remember Me&quot;, your login will persist for two weeks. If you log out of your account, the login cookies will be removed.<\/p><!-- \/wp:paragraph --><!-- wp:paragraph --><p>If you edit or publish an article, an additional cookie will be saved in your browser. This cookie includes no personal data and simply indicates the post ID of the article you just edited. It expires after 1 day.<\/p><!-- \/wp:paragraph --><!-- wp:heading {\"level\":3} --><h3>Embedded content from other websites<\/h3><!-- \/wp:heading --><!-- wp:paragraph --><p>Articles on this site may include embedded content (e.g. videos, images, articles, etc.). Embedded content from other websites behaves in the exact same way as if the visitor has visited the other website.<\/p><!-- \/wp:paragraph --><!-- wp:paragraph --><p>These websites may collect data about you, use cookies, embed additional third-party tracking, and monitor your interaction with that embedded content, including tracking your interaction with the embedded content if you have an account and are logged in to that website.<\/p><!-- \/wp:paragraph --><!-- wp:heading {\"level\":3} --><h3>Analytics<\/h3><!-- \/wp:heading --><!-- wp:heading --><h2>Who we share your data with<\/h2><!-- \/wp:heading --><!-- wp:paragraph --><p>If you request a password reset, your IP address will be included in the reset email.<\/p><!-- \/wp:paragraph --><!-- wp:heading --><h2>How long we retain your data<\/h2><!-- \/wp:heading --><!-- wp:paragraph --><p>If you leave a comment, the comment and its metadata are retained indefinitely. This is so we can recognize and approve any follow-up comments automatically instead of holding them in a moderation queue.<\/p><!-- \/wp:paragraph --><!-- wp:paragraph --><p>For users that register on our website (if any), we also store the personal information they provide in their user profile. All users can see, edit, or delete their personal information at any time (except they cannot change their username). Website administrators can also see and edit that information.<\/p><!-- \/wp:paragraph --><!-- wp:heading --><h2>What rights you have over your data<\/h2><!-- \/wp:heading --><!-- wp:paragraph --><p>If you have an account on this site, or have left comments, you can request to receive an exported file of the personal data we hold about you, including any data you have provided to us. You can also request that we erase any personal data we hold about you. This does not include any data we are obliged to keep for administrative, legal, or security purposes.<\/p><!-- \/wp:paragraph --><!-- wp:heading --><h2>Where we send your data<\/h2><!-- \/wp:heading --><!-- wp:paragraph --><p>Visitor comments may be checked through an automated spam detection service.<\/p><!-- \/wp:paragraph --><!-- wp:heading --><h2>Your contact information<\/h2><!-- \/wp:heading --><!-- wp:heading --><h2>Additional information<\/h2><!-- \/wp:heading --><!-- wp:heading {\"level\":3} --><h3>How we protect your data<\/h3><!-- \/wp:heading --><!-- wp:heading {\"level\":3} --><h3>What data breach procedures we have in place<\/h3><!-- \/wp:heading --><!-- wp:heading {\"level\":3} --><h3>What third parties we receive data from<\/h3><!-- \/wp:heading --><!-- wp:heading {\"level\":3} --><h3>What automated decision making and\/or profiling we do with user data<\/h3><!-- \/wp:heading --><!-- wp:heading {\"level\":3} --><h3>Industry regulatory disclosure requirements<\/h3><!-- \/wp:heading -->","_et_gb_content_width":"","footnotes":""},"folder":[],"class_list":["post-3","page","type-page","status-publish","hentry"],"_links":{"self":[{"href":"https:\/\/shogi.cz\/cs\/wp-json\/wp\/v2\/pages\/3","targetHints":{"allow":["GET"]}}],"collection":[{"href":"https:\/\/shogi.cz\/cs\/wp-json\/wp\/v2\/pages"}],"about":[{"href":"https:\/\/shogi.cz\/cs\/wp-json\/wp\/v2\/types\/page"}],"author":[{"embeddable":true,"href":"https:\/\/shogi.cz\/cs\/wp-json\/wp\/v2\/users\/7"}],"replies":[{"embeddable":true,"href":"https:\/\/shogi.cz\/cs\/wp-json\/wp\/v2\/comments?post=3"}],"version-history":[{"count":10,"href":"https:\/\/shogi.cz\/cs\/wp-json\/wp\/v2\/pages\/3\/revisions"}],"predecessor-version":[{"id":2645,"href":"https:\/\/shogi.cz\/cs\/wp-json\/wp\/v2\/pages\/3\/revisions\/2645"}],"wp:attachment":[{"href":"https:\/\/shogi.cz\/cs\/wp-json\/wp\/v2\/media?parent=3"}],"wp:term":[{"taxonomy":"folder","embeddable":true,"href":"https:\/\/shogi.cz\/cs\/wp-json\/wp\/v2\/folder?post=3"}],"curies":[{"name":"wp","href":"https:\/\/api.w.org\/{rel}","templated":true}]}}