{"id":554,"date":"2021-02-28T22:44:39","date_gmt":"2021-02-28T22:44:39","guid":{"rendered":"https:\/\/shogi.cz\/?page_id=554"},"modified":"2025-07-01T16:33:44","modified_gmt":"2025-07-01T16:33:44","slug":"terms-and-conditions","status":"publish","type":"page","link":"https:\/\/shogi.cz\/cs\/terms-and-conditions\/","title":{"rendered":"Obchodn\u00ed podm\u00ednky"},"content":{"rendered":"<p>[et_pb_section fb_built=&#8221;1&#8243; admin_label=&#8221;Header&#8221; _builder_version=&#8221;4.19.1&#8243; background_enable_color=&#8221;off&#8221; use_background_color_gradient=&#8221;on&#8221; background_color_gradient_stops=&#8221;rgba(249,244,238,0.54) 100%|rgba(0,0,0,0) 100%&#8221; background_color_gradient_overlays_image=&#8221;on&#8221; background_color_gradient_start=&#8221;rgba(249,244,238,0.54)&#8221; background_color_gradient_start_position=&#8221;100%&#8221; background_color_gradient_end=&#8221;rgba(0,0,0,0)&#8221; background_color_gradient_end_position=&#8221;0%&#8221; background_image=&#8221;https:\/\/shogi.cz\/wp-content\/uploads\/2022\/10\/Contact-FAQ-shogi.jpg&#8221; min_height_last_edited=&#8221;off|desktop&#8221; custom_padding=&#8221;5vw||5vw||true|false&#8221; background_last_edited=&#8221;off|desktop&#8221; background_position_phone=&#8221;center_left&#8221; locked=&#8221;off&#8221; global_colors_info=&#8221;{}&#8221;][et_pb_row column_structure=&#8221;1_3,2_3&#8243; make_equal=&#8221;on&#8221; _builder_version=&#8221;4.19.1&#8243; locked=&#8221;off&#8221; global_colors_info=&#8221;{}&#8221;][et_pb_column type=&#8221;1_3&#8243; _builder_version=&#8221;4.16&#8243; custom_padding=&#8221;||||false|false&#8221; global_colors_info=&#8221;{}&#8221;][et_pb_image src=&#8221;https:\/\/shogi.cz\/wp-content\/uploads\/2022\/10\/shogi-kanji-BL.png&#8221; alt=&#8221;shogi kanji BL&#8221; title_text=&#8221;shogi kanji BL&#8221; _builder_version=&#8221;4.19.1&#8243; _module_preset=&#8221;default&#8221; max_width=&#8221;190px&#8221; max_width_tablet=&#8221;120px&#8221; max_width_phone=&#8221;100px&#8221; max_width_last_edited=&#8221;on|desktop&#8221; module_alignment=&#8221;center&#8221; custom_margin_last_edited=&#8221;off|desktop&#8221; custom_padding=&#8221;30px|8px|30px|8px|true|true&#8221; custom_padding_tablet=&#8221;40px||40px||true|true&#8221; custom_padding_phone=&#8221;&#8221; custom_padding_last_edited=&#8221;on|desktop&#8221; border_width_all=&#8221;10px&#8221; border_color_all=&#8221;#222222&#8243; border_width_all_tablet=&#8221;10px&#8221; border_width_all_phone=&#8221;5px&#8221; border_width_all_last_edited=&#8221;on|phone&#8221; box_shadow_style=&#8221;preset1&#8243; box_shadow_blur=&#8221;30px&#8221; global_colors_info=&#8221;{}&#8221;][\/et_pb_image][\/et_pb_column][et_pb_column type=&#8221;2_3&#8243; _builder_version=&#8221;4.16&#8243; custom_padding=&#8221;||||false|false&#8221; global_colors_info=&#8221;{}&#8221;][et_pb_text _builder_version=&#8221;4.19.1&#8243; text_font=&#8221;|600|||||||&#8221; text_text_color=&#8221;#AC120C&#8221; text_font_size=&#8221;25px&#8221; header_font=&#8221;||||||||&#8221; header_text_color=&#8221;#222222&#8243; header_font_size=&#8221;100px&#8221; header_4_font=&#8221;|||on|||||&#8221; header_4_text_color=&#8221;#AC120C&#8221; header_4_font_size=&#8221;30px&#8221; header_4_line_height=&#8221;1.4em&#8221; background_layout=&#8221;dark&#8221; custom_margin_tablet=&#8221;50px||||false|false&#8221; custom_margin_phone=&#8221;30px||||false|false&#8221; custom_margin_last_edited=&#8221;off|desktop&#8221; custom_padding=&#8221;40px||||false|false&#8221; custom_padding_tablet=&#8221;40px||||false|false&#8221; custom_padding_phone=&#8221;0px||||false|false&#8221; custom_padding_last_edited=&#8221;on|phone&#8221; text_font_size_tablet=&#8221;25px&#8221; text_font_size_phone=&#8221;20px&#8221; text_font_size_last_edited=&#8221;on|phone&#8221; header_font_size_tablet=&#8221;54px&#8221; header_font_size_phone=&#8221;32px&#8221; header_font_size_last_edited=&#8221;on|phone&#8221; header_4_font_size_tablet=&#8221;24px&#8221; header_4_font_size_phone=&#8221;18px&#8221; header_4_font_size_last_edited=&#8221;on|phone&#8221; text_orientation_tablet=&#8221;&#8221; text_orientation_phone=&#8221;center&#8221; text_orientation_last_edited=&#8221;on|phone&#8221; module_alignment_last_edited=&#8221;off|phone&#8221; locked=&#8221;off&#8221; global_colors_info=&#8221;{}&#8221;]<\/p>\n<p>INFORMACE O N\u00c1KUPU<\/p>\n<h1>Obchodn\u00ed podm\u00ednky<\/h1>\n<p>[\/et_pb_text][\/et_pb_column][\/et_pb_row][\/et_pb_section][et_pb_section fb_built=&#8221;1&#8243; admin_label=&#8221;Header&#8221; _builder_version=&#8221;4.16&#8243; background_color=&#8221;#f9f4ee&#8221; custom_padding=&#8221;50px||50px||true|false&#8221; locked=&#8221;off&#8221; global_colors_info=&#8221;{}&#8221;][et_pb_row _builder_version=&#8221;4.16&#8243; _module_preset=&#8221;default&#8221; custom_padding=&#8221;4px||9px|||&#8221; global_colors_info=&#8221;{}&#8221;][et_pb_column type=&#8221;4_4&#8243; _builder_version=&#8221;4.16&#8243; _module_preset=&#8221;default&#8221; global_colors_info=&#8221;{}&#8221;][et_pb_text _builder_version=&#8221;4.19.1&#8243; _module_preset=&#8221;default&#8221; global_colors_info=&#8221;{}&#8221;]<\/p>\n<p style=\"text-align: justify;\"><strong>OBCHODN\u00cd PODM\u00cdNKY pro e-mailov\u00e9, e-shopov\u00e9 nebo telefonick\u00e9 objedn\u00e1vky Shogi.cz \u2013 Akadote s.r.o., I\u010cO: 04159721, <span>K Rybn\u00edk\u016fm 3327, <\/span><span>Dv\u016fr Kr\u00e1lov\u00e9 nad Labem <\/span>544 01, \u010cesk\u00e1 Republika, EU, DI\u010c: CZ04159721<\/strong><\/p>\n<p style=\"text-align: justify;\">1.  \u00davodn\u00ed ustanoven\u00ed<br \/>Tyto obchodn\u00ed podm\u00ednky vymezuj\u00ed pr\u00e1va a povinnosti spole\u010dnosti Shogi.cz - Akadote s.r.o. (prod\u00e1vaj\u00edc\u00ed) a z\u00e1kazn\u00edka - spot\u0159ebitele. Tyto obchodn\u00ed podm\u00ednky se nevztahuj\u00ed na podnikatele pro jejich podnikatelskou \u010dinnost.<\/p>\n<p style=\"text-align: justify;\">2. Objedn\u00e1v\u00e1n\u00ed zbo\u017e\u00ed<br \/>Z\u00e1kazn\u00edk si objednal zbo\u017e\u00ed vybran\u00e9 na objedn\u00e1vce - formul\u00e1\u0159, kter\u00fd je k dispozici na e-shopu - Shogi.cz. Elektronick\u00e1 objedn\u00e1vka by m\u011bla obsahovat povinn\u00e9 \u00fadaje, jako jsou osobn\u00ed \u00fadaje, doru\u010dovac\u00ed adresa, kontaktn\u00ed telefon, e-mailov\u00e1 adresa, n\u00e1zev vybran\u00e9ho zbo\u017e\u00ed, mno\u017estv\u00ed, zp\u016fsob p\u0159evzet\u00ed a dopravy.<\/p>\n<p style=\"text-align: justify;\">Prod\u00e1vaj\u00edc\u00ed potvrd\u00ed p\u0159ijet\u00ed objedn\u00e1vky e-mailem a telefonicky. Pokud nen\u00ed mo\u017en\u00e9 osobu, kter\u00e1 objedn\u00e1vku odeslala, kontaktovat s potvrzen\u00edm, bude objedn\u00e1vka zru\u0161ena.<\/p>\n<p style=\"text-align: justify;\">3. Dodac\u00ed podm\u00ednky<br \/>Zbo\u017e\u00ed je dod\u00e1v\u00e1no extern\u00ed logistickou spole\u010dnost\u00ed, baln\u00e9 a po\u0161tovn\u00e9 hrad\u00ed z\u00e1kazn\u00edk nebo je zahrnuto v cen\u011b zbo\u017e\u00ed, jako je tomu obvykle u slu\u017eeb e-shopu. O odesl\u00e1n\u00ed objednan\u00e9ho zbo\u017e\u00ed je klient informov\u00e1n telefonicky nebo e-mailem. Klient je povinen potvrdit p\u0159evzet\u00ed slu\u017eby p\u0159epravy zbo\u017e\u00ed v\u010detn\u011b v\u0161ech doklad\u016f. Dod\u00e1n\u00ed do zahrani\u010d\u00ed trv\u00e1 obvykle 5 - 7 pracovn\u00edch dn\u016f, po \u010cR 2 - 3 pracovn\u00ed dny.<\/p>\n<p style=\"text-align: justify;\">4. Platebn\u00ed podm\u00ednky<br \/>Z\u00e1kazn\u00edk objedn\u00e1v\u00e1 zbo\u017e\u00ed podle nab\u00eddkov\u00e9 ceny pro prod\u00e1vaj\u00edc\u00edho. Potvrzen\u00ed objedn\u00e1vky je dohodou o cen\u011b, dob\u011b pln\u011bn\u00ed a zp\u016fsobu dopravy. Kupn\u00ed cenu hrad\u00ed Klient dle dohodnut\u00fdch podm\u00ednek, zpravidla bankovn\u00edm p\u0159evodem.<\/p>\n<p style=\"text-align: justify;\">P\u0159ed\u00e1n\u00edm objednan\u00e9ho zbo\u017e\u00ed z\u00e1kazn\u00edkovi a zaplacen\u00edm kupn\u00ed ceny je uzav\u0159ena kupn\u00ed smlouva na objednan\u00e9 zbo\u017e\u00ed za cenu uvedenou v nab\u00eddce prod\u00e1vaj\u00edc\u00edho, kter\u00e1 je platn\u00e1 dnem p\u0159evzet\u00ed zbo\u017e\u00ed prod\u00e1vaj\u00edc\u00edm. Kupn\u00ed cena v p\u0159\u00edslu\u0161n\u00e9 sazb\u011b DPH je uvedena na faktu\u0159e. Faktura slou\u017e\u00ed z\u00e1rove\u0148 jako dodac\u00ed list. Vlastnick\u00e9 pr\u00e1vo p\u0159ech\u00e1z\u00ed na kupuj\u00edc\u00edho a\u017e \u00fapln\u00fdm zaplacen\u00edm fakturovan\u00e9 kupn\u00ed ceny. Pokud je kupn\u00ed cena uhrazena p\u0159ed dod\u00e1n\u00edm zbo\u017e\u00ed, p\u0159ech\u00e1z\u00ed vlastnictv\u00ed k p\u0159ed\u00e1n\u00ed a p\u0159evzet\u00ed dodan\u00e9ho zbo\u017e\u00ed.<\/p>\n<p style=\"text-align: justify;\">5. Pr\u00e1vo odstoupit od smlouvy<br \/>Z\u00e1kazn\u00edk m\u00e1 pr\u00e1vo od uzav\u0159en\u00e9 kupn\u00ed smlouvy jednostrann\u011b odstoupit bez ud\u00e1n\u00ed d\u016fvodu a bez jak\u00e9koliv sankce do 14 kalend\u00e1\u0159n\u00edch dn\u016f od p\u0159evzet\u00ed zbo\u017e\u00ed od prod\u00e1vaj\u00edc\u00edho. V takov\u00e9m p\u0159\u00edpad\u011b je t\u0159eba p\u00edsemn\u00e9 odstoupen\u00ed od smlouvy v t\u00e9to lh\u016ft\u011b zaslat prod\u00e1vaj\u00edc\u00edmu. Zakoupen\u00e9 zbo\u017e\u00ed Klient doru\u010d\u00ed Prod\u00e1vaj\u00edc\u00edmu na vlastn\u00ed n\u00e1klady. Pokud je zbo\u017e\u00ed nepo\u0161kozen\u00e9 a kompletn\u00ed, za\u0161le prod\u00e1vaj\u00edc\u00ed kupn\u00ed cenu za zbo\u017e\u00ed kupuj\u00edc\u00edmu do 14 dn\u016f od p\u0159evzet\u00ed zbo\u017e\u00ed. V p\u0159\u00edpad\u011b vr\u00e1cen\u00ed zbo\u017e\u00ed po\u0161kozen\u00e9ho nebo opot\u0159ebovan\u00e9ho si prod\u00e1vaj\u00edc\u00ed vyhrazuje pr\u00e1vo na n\u00e1hradu \u0161kody, kterou je opr\u00e1vn\u011bn jednostrann\u011b zapo\u010d\u00edst na kupn\u00ed cenu.<\/p>\n<p style=\"text-align: justify;\">6. Z\u00e1ru\u010dn\u00ed podm\u00ednky<br \/>Z\u00e1ru\u010dn\u00ed doba je 24 m\u011bs\u00edc\u016f od p\u0159evzet\u00ed zakoupen\u00e9ho zbo\u017e\u00ed z\u00e1kazn\u00edkem. Reklamace vadn\u00e9ho zbo\u017e\u00ed je uvedena v reklama\u010dn\u00edm \u0159\u00e1du, na kter\u00fd tyto obchodn\u00ed podm\u00ednky pln\u011b odkazuj\u00ed. Reklama\u010dn\u00ed \u0159\u00e1d je uveden na www.shogi.cz.<\/p>\n<p style=\"text-align: justify;\">7. Dal\u0161\u00ed ujedn\u00e1n\u00ed<br \/>Odesl\u00e1n\u00edm vypln\u011bn\u00e9 objedn\u00e1vky d\u00e1v\u00e1 z\u00e1kazn\u00edk prod\u00e1vaj\u00edc\u00edmu v souladu s p\u0159\u00edslu\u0161n\u00fdmi ustanoven\u00edmi textu o ochran\u011b osobn\u00edch \u00fadaj\u016f, na dobu neur\u010ditou souhlas se zpracov\u00e1n\u00edm osobn\u00edch \u00fadaj\u016f z\u00e1kazn\u00edkem (titul, jm\u00e9no, p\u0159\u00edjmen\u00ed, rodn\u00e9 \u010d\u00edslo nebo datum narozen\u00ed, adresa, telefonn\u00ed \u010d\u00edslo, e-mailov\u00e1 adresa) datab\u00e1ze pro sv\u00e9 pot\u0159eby za \u00fa\u010delem evidence smluv, \u00fa\u010detn\u00ed evidence a p\u0159ij\u00edm\u00e1n\u00ed nov\u00fdch nab\u00eddek zbo\u017e\u00ed. Prod\u00e1vaj\u00edc\u00ed se zavazuje, \u017ee k osobn\u00edm \u00fadaj\u016fm budou m\u00edt p\u0159\u00edstup pouze zam\u011bstnanci, kte\u0159\u00ed se zav\u00e1zali zachov\u00e1vat ml\u010denlivost o osobn\u00edch \u00fadaj\u00edch.<\/p>\n<p style=\"text-align: justify;\">8. Z\u00e1v\u011bre\u010dn\u00e1 ujedn\u00e1n\u00ed<br \/>Tyto obchodn\u00ed podm\u00ednky jsou ned\u00edlnou sou\u010d\u00e1st\u00ed ka\u017ed\u00e9 kupn\u00ed smlouvy uzav\u00edran\u00e9 na z\u00e1klad\u011b z\u00e1silkov\u00e9ho obchodu mezi prod\u00e1vaj\u00edc\u00edm a z\u00e1kazn\u00edkem. Klient zasl\u00e1n\u00edm sv\u00e9 objedn\u00e1vky Prod\u00e1vaj\u00edc\u00edmu tyto obchodn\u00ed podm\u00ednky pln\u011b a bez v\u00fdhrad akceptuje.<\/p>\n<p style=\"text-align: justify;\">Tyto podm\u00ednky vstupuj\u00ed v platnost 30. \u010dervence 2015 a plat\u00ed a\u017e do jejich odvol\u00e1n\u00ed nebo zm\u011bny. Pr\u00e1vn\u00ed vztahy t\u011bchto podm\u00ednek se \u0159\u00edd\u00ed pr\u00e1vn\u00edm \u0159\u00e1dem \u010cesk\u00e9 republiky a Evropsk\u00e9 unie.<\/p>\n<p style=\"text-align: justify;\">Praha, 30. 7. 2015<\/p>\n<p>[\/et_pb_text][\/et_pb_column][\/et_pb_row][\/et_pb_section]<\/p>","protected":false},"excerpt":{"rendered":"<p>PURCHASE INFORMATION Terms and ConditionsTERMS AND CONDITIONS for email, e-shop or phone orders Shogi.cz. &#8211; Akadote s.r.o., IC: 04159721, K Rybnikum 3327, Dvur Kralove nad Labem 544 01, Czech Republic, EU, VAT registration CZ04159721 1. General ConditionsThese terms and conditions are defining the rights and obligations of Shogi.cz &#8211; Akadote s.r.o. (the Seller) and Client [&hellip;]<\/p>","protected":false},"author":7,"featured_media":0,"parent":0,"menu_order":0,"comment_status":"closed","ping_status":"closed","template":"","meta":{"_et_pb_use_builder":"on","_et_pb_old_content":"","_et_gb_content_width":"","footnotes":""},"folder":[],"class_list":["post-554","page","type-page","status-publish","hentry"],"_links":{"self":[{"href":"https:\/\/shogi.cz\/cs\/wp-json\/wp\/v2\/pages\/554","targetHints":{"allow":["GET"]}}],"collection":[{"href":"https:\/\/shogi.cz\/cs\/wp-json\/wp\/v2\/pages"}],"about":[{"href":"https:\/\/shogi.cz\/cs\/wp-json\/wp\/v2\/types\/page"}],"author":[{"embeddable":true,"href":"https:\/\/shogi.cz\/cs\/wp-json\/wp\/v2\/users\/7"}],"replies":[{"embeddable":true,"href":"https:\/\/shogi.cz\/cs\/wp-json\/wp\/v2\/comments?post=554"}],"version-history":[{"count":12,"href":"https:\/\/shogi.cz\/cs\/wp-json\/wp\/v2\/pages\/554\/revisions"}],"predecessor-version":[{"id":2646,"href":"https:\/\/shogi.cz\/cs\/wp-json\/wp\/v2\/pages\/554\/revisions\/2646"}],"wp:attachment":[{"href":"https:\/\/shogi.cz\/cs\/wp-json\/wp\/v2\/media?parent=554"}],"wp:term":[{"taxonomy":"folder","embeddable":true,"href":"https:\/\/shogi.cz\/cs\/wp-json\/wp\/v2\/folder?post=554"}],"curies":[{"name":"wp","href":"https:\/\/api.w.org\/{rel}","templated":true}]}}